{"id":5,"date":"2017-04-20T18:43:18","date_gmt":"2017-04-20T18:43:18","guid":{"rendered":"http:\/\/ffbwip.de\/?page_id=5"},"modified":"2018-02-13T17:39:01","modified_gmt":"2018-02-13T17:39:01","slug":"seite2","status":"publish","type":"page","link":"http:\/\/fvb-ff-biesdorf.berlin\/?page_id=5","title":{"rendered":"Der Verein"},"content":{"rendered":"<p>Der Verin wurde am 02. Mai 1998 gegr\u00fcndet. Aufgabe des Vereins ist die Unterst\u00fczung der Freiwilligen Feuerwehr Berlin &#8211; Biesdorf und die F\u00f6rderung des Sports, insbesondere durch die:<\/p>\n<ul>\n<li>Werbung und das Stellen von Einsatzkr\u00e4ften<\/li>\n<li>Verbesserung des Feuer-, Arbeits-, Unfall- und vorbeugenden Brandschutzes sowie die F\u00f6rderung der Rettung aus Lebensgefahren durch Seminare und \u00dcbungen in offenen Jugendeinrichtungen, Schulen und Kindertagesst\u00e4tten, die Verbesserung der Kenntnisse des vorbeugenden Brandschutzes in der \u00d6ffentlichkeit, Erste-Hilfe-Ma\u00dfnahmen bei Unf\u00e4llen und Darstellung der Gemeinn\u00fctzigkeit der Freiwilligen Feuerwehr Biesdorf, um eine gr\u00f6\u00dfere Akzeptanz in der Bev\u00f6lkerung zum Helfen zu erreichen<\/li>\n<li>die F\u00f6rderung und Unterst\u00fctzung der Jugendarbeit in der Freiwilligen Feuerwehr<\/li>\n<li>die F\u00f6rderung sportlicher \u00dcbungen und Leistungen<\/li>\n<\/ul>\n<div>Der Verein hat gegenw\u00e4rtig 45 Mitglieder, davon 13 Feuerwehrangeh\u00f6rige und 32 Freunde der Feuerwehr und Sportbegeisterte. Die Mitglieder unterst\u00fctzen die Freiwillige Feuerwehr Biesdorf bei der Durchf\u00fchrung des Tags der offenen T\u00fcr , sichern durch ihre Teilnahme an verschiedenen \u00d6ffentlichkeitsarbeiten deren gutes Gelingens und treffen sich u.a. beim Grillabend und der Weihnachtsfeier.<\/div>\n","protected":false},"excerpt":{"rendered":"<p>Der Verin wurde am 02. Mai 1998 gegr\u00fcndet. Aufgabe des Vereins ist die Unterst\u00fczung der Freiwilligen Feuerwehr Berlin &#8211; Biesdorf und die F\u00f6rderung des Sports, insbesondere durch die: Werbung und das Stellen von Einsatzkr\u00e4ften Verbesserung des Feuer-, Arbeits-, Unfall- und vorbeugenden Brandschutzes&#46;&#46;&#46;<\/p>\n","protected":false},"author":1,"featured_media":0,"parent":0,"menu_order":0,"comment_status":"closed","ping_status":"closed","template":"","meta":{"footnotes":""},"class_list":["post-5","page","type-page","status-publish","hentry"],"_links":{"self":[{"href":"http:\/\/fvb-ff-biesdorf.berlin\/index.php?rest_route=\/wp\/v2\/pages\/5","targetHints":{"allow":["GET"]}}],"collection":[{"href":"http:\/\/fvb-ff-biesdorf.berlin\/index.php?rest_route=\/wp\/v2\/pages"}],"about":[{"href":"http:\/\/fvb-ff-biesdorf.berlin\/index.php?rest_route=\/wp\/v2\/types\/page"}],"author":[{"embeddable":true,"href":"http:\/\/fvb-ff-biesdorf.berlin\/index.php?rest_route=\/wp\/v2\/users\/1"}],"replies":[{"embeddable":true,"href":"http:\/\/fvb-ff-biesdorf.berlin\/index.php?rest_route=%2Fwp%2Fv2%2Fcomments&post=5"}],"version-history":[{"count":2,"href":"http:\/\/fvb-ff-biesdorf.berlin\/index.php?rest_route=\/wp\/v2\/pages\/5\/revisions"}],"predecessor-version":[{"id":58,"href":"http:\/\/fvb-ff-biesdorf.berlin\/index.php?rest_route=\/wp\/v2\/pages\/5\/revisions\/58"}],"wp:attachment":[{"href":"http:\/\/fvb-ff-biesdorf.berlin\/index.php?rest_route=%2Fwp%2Fv2%2Fmedia&parent=5"}],"curies":[{"name":"wp","href":"https:\/\/api.w.org\/{rel}","templated":true}]}}